{"id":2051,"date":"2021-07-16T10:39:40","date_gmt":"2021-07-16T01:39:40","guid":{"rendered":"https:\/\/demo.arches.co.jp\/?page_id=2051"},"modified":"2021-07-16T11:39:05","modified_gmt":"2021-07-16T02:39:05","slug":"sitemap-en","status":"publish","type":"page","link":"https:\/\/demo.arches.co.jp\/?page_id=2051&lang=en","title":{"rendered":"Sitemap"},"content":{"rendered":"\n<ul><li>Headmaster&#8217;s Address<ul><li><a href=\"https:\/\/demo.arches.co.jp\/?page_id=941\">Headmaster\u2019s Address<\/a><\/li><\/ul><\/li><\/ul>\n\n\n\n<ul id=\"block-8fc360c0-dfd0-4b6f-9b81-e45289181506\"><li><a href=\"https:\/\/demo.arches.co.jp\/?page_id=470\"><\/a>Yagyu\u0304 Shinkage Ryu\u0304 Heiho\u0304<ul><li><a href=\"https:\/\/demo.arches.co.jp\/?page_id=1256\">Yagyu\u0304 Shinkage Ryu\u0304 Heiho\u0304<\/a><\/li><li><a href=\"https:\/\/demo.arches.co.jp\/?page_id=888\">History<\/a><\/li><\/ul><ul><li><a href=\"https:\/\/demo.arches.co.jp\/?page_id=944\">Characteristics<\/a><\/li><li><a href=\"https:\/\/demo.arches.co.jp\/?page_id=927\">Yagy\u016b Shinkage Ry\u016b Lineage<\/a><\/li><li><a href=\"https:\/\/demo.arches.co.jp\/?page_id=930\">About Yagy\u016b Seigo Ry\u016b Batt\u014d<\/a><\/li><li><a href=\"https:\/\/demo.arches.co.jp\/?page_id=946\">Literature<\/a><\/li><li><a href=\"https:\/\/demo.arches.co.jp\/?page_id=969\">Locations and events<\/a><\/li><\/ul><\/li><\/ul>\n\n\n\n<ul id=\"block-7cde362f-6ac3-4505-bf32-d9ef99798de7\"><li>Yagy\u016bkai<ul><li><a href=\"https:\/\/demo.arches.co.jp\/?page_id=240\"><\/a><a href=\"https:\/\/demo.arches.co.jp\/?page_id=908\">Yagy\u016bkai<\/a><\/li><li><a href=\"https:\/\/demo.arches.co.jp\/?page_id=1001\">The Intension in Funding the Yagyu-kai<\/a><\/li><li><a href=\"https:\/\/demo.arches.co.jp\/?page_id=914\">Guidance for joining Yagy\u016bkai<\/a><ul><li><a href=\"https:\/\/demo.arches.co.jp\/?page_id=952\">Nagoya Yagy\u016bkai (Headquarters)<\/a><\/li><\/ul><ul><li><a href=\"https:\/\/demo.arches.co.jp\/?page_id=954\">Tokyo Yagy\u016bkai<\/a><\/li><li><a href=\"https:\/\/demo.arches.co.jp\/?page_id=956\">Kansai Yagy\u016bkai<\/a><\/li><li><a href=\"https:\/\/demo.arches.co.jp\/?page_id=967\">Anjo Yagy\u016bkai<\/a><\/li><li><a href=\"https:\/\/demo.arches.co.jp\/?page_id=921\">Yagy\u016bkai USA<\/a><\/li><li><a href=\"https:\/\/demo.arches.co.jp\/?page_id=924\">Hong Kong Yagy\u016bkai<\/a><br><\/li><\/ul><\/li><\/ul><\/li><\/ul>\n\n\n\n<ul id=\"block-090a8869-16fa-4123-889a-5fce33ba6951\"><li>Books, etc.<ul><li><a href=\"https:\/\/demo.arches.co.jp\/?page_id=958\">Successive Soke Books<\/a><ul><li><a href=\"https:\/\/demo.arches.co.jp\/?page_id=960\">\u201cUndefeated Spirit\u201d written by Yagyu Koichi Taira Toshinobu<\/a><\/li><\/ul><\/li><li><a href=\"https:\/\/demo.arches.co.jp\/?page_id=963\">Related Books<\/a><\/li><li><a href=\"https:\/\/demo.arches.co.jp\/?page_id=965\">Articles in magazines, newspapers, etc. in English<\/a><\/li><\/ul><\/li><\/ul>\n\n\n\n<ul id=\"block-4787536b-ef89-46f7-a352-2be2391ecf0a\"><li>News \uff06Events<ul><li><a href=\"https:\/\/demo.arches.co.jp\/?page_id=1132\">News<\/a><\/li><\/ul><ul><li><a href=\"https:\/\/demo.arches.co.jp\/?page_id=971\">Events<\/a><\/li><li><a href=\"https:\/\/demo.arches.co.jp\/?page_id=973\">Events Results<\/a><\/li><\/ul><\/li><\/ul>\n\n\n\n<ul id=\"block-4d761235-7630-4e5b-bc18-81f11f21a134\"><li><a href=\"https:\/\/demo.arches.co.jp\/?page_id=1542\">Member Page<\/a><\/li><\/ul>\n","protected":false},"excerpt":{"rendered":"<p>Headmaster&#8217;s Address Headmaster\u2019s Address Yagyu\u0304 Shinkage Ryu\u0304 Heiho\u0304 Yagyu\u0304 Shinkage Ryu\u0304 Heiho\u0304 Histor [&hellip;]<\/p>\n","protected":false},"author":2,"featured_media":0,"parent":0,"menu_order":0,"comment_status":"closed","ping_status":"closed","template":"","meta":{"_s2mail":"yes","footnotes":""},"_links":{"self":[{"href":"https:\/\/demo.arches.co.jp\/index.php?rest_route=\/wp\/v2\/pages\/2051"}],"collection":[{"href":"https:\/\/demo.arches.co.jp\/index.php?rest_route=\/wp\/v2\/pages"}],"about":[{"href":"https:\/\/demo.arches.co.jp\/index.php?rest_route=\/wp\/v2\/types\/page"}],"author":[{"embeddable":true,"href":"https:\/\/demo.arches.co.jp\/index.php?rest_route=\/wp\/v2\/users\/2"}],"replies":[{"embeddable":true,"href":"https:\/\/demo.arches.co.jp\/index.php?rest_route=%2Fwp%2Fv2%2Fcomments&post=2051"}],"version-history":[{"count":3,"href":"https:\/\/demo.arches.co.jp\/index.php?rest_route=\/wp\/v2\/pages\/2051\/revisions"}],"predecessor-version":[{"id":2056,"href":"https:\/\/demo.arches.co.jp\/index.php?rest_route=\/wp\/v2\/pages\/2051\/revisions\/2056"}],"wp:attachment":[{"href":"https:\/\/demo.arches.co.jp\/index.php?rest_route=%2Fwp%2Fv2%2Fmedia&parent=2051"}],"curies":[{"name":"wp","href":"https:\/\/api.w.org\/{rel}","templated":true}]}}