{"id":488,"date":"2021-04-14T15:41:43","date_gmt":"2021-04-14T06:41:43","guid":{"rendered":"https:\/\/demo.arches.co.jp\/?page_id=488"},"modified":"2021-08-25T15:51:37","modified_gmt":"2021-08-25T06:51:37","slug":"yagyukai-usa","status":"publish","type":"page","link":"https:\/\/demo.arches.co.jp\/?page_id=488","title":{"rendered":"Yagy\u016bkai USA"},"content":{"rendered":"\n<div class=\"wp-block-nextend-smartslider3 max-600\"><\/div>\n\n\n\n<p><\/p>\n\n\n\n<p><strong>Keiko (practice) and k\u014dd\u014d (lecture) by the Headmaster:<\/strong><\/p>\n\n\n\n<p>Once a year, under the direction and guidance of the Headmaster of Shinkage Ry\u016b a four-day workshop is held at the Ken-Zen Institute in New York City. The time and dates of this workshop change year to year. There is also a yearly keiko and k\u014dd\u014d in Japan open to all international members. <em>Please go here for further information concerning these events.<\/em><\/p>\n\n\n\n<p><strong>Keiko Locations:<\/strong><\/p>\n\n\n\n<p>Regular practices take place at the following locations: Flagstaff Arizona, Boston Massachusetts, Austin Texas, New York City, Long Island New York, and Ithaca New York.<em>&nbsp;Please contact us here for further information on the times and dates of local Yagy\u016bkai practices.<\/em><\/p>\n\n\n\n<p><br> <\/p>\n\n\n\n<p><strong><u>Membership process and membership fees:<\/u><\/strong><\/p>\n\n\n\n<p>The local membership process requires the prospective student to observe practices and discuss in person with the local Senior Student what membership requirements and expectations are in the Yagy\u016bkai. A person only becomes a member of the Yagyu Kai after being observed and approved by the Headmaster of Yagy\u016b Shinkage Ry\u016b.<\/p>\n\n\n\n<p>It is also required that members of the group train directly under the Headmaster at least once every two years.<\/p>\n\n\n\n<p>Membership fees are made up of two parts: 1) an annual fee to the Headmaster and 2) Local dojo membership fees. The fee to the Headmaster is a standard fee. Local dojo fees vary between locations. Detailed discussion concerning fees will take place in person once you begin practicing.<\/p>\n","protected":false},"excerpt":{"rendered":"<p>Keiko (practice) and k\u014dd\u014d (lecture) by the Headmaster: Once a year, under the direction and guidance of the He [&hellip;]<\/p>\n","protected":false},"author":2,"featured_media":533,"parent":455,"menu_order":5,"comment_status":"closed","ping_status":"closed","template":"page-no-eye-catch.php","meta":{"_s2mail":"yes","footnotes":""},"_links":{"self":[{"href":"https:\/\/demo.arches.co.jp\/index.php?rest_route=\/wp\/v2\/pages\/488"}],"collection":[{"href":"https:\/\/demo.arches.co.jp\/index.php?rest_route=\/wp\/v2\/pages"}],"about":[{"href":"https:\/\/demo.arches.co.jp\/index.php?rest_route=\/wp\/v2\/types\/page"}],"author":[{"embeddable":true,"href":"https:\/\/demo.arches.co.jp\/index.php?rest_route=\/wp\/v2\/users\/2"}],"replies":[{"embeddable":true,"href":"https:\/\/demo.arches.co.jp\/index.php?rest_route=%2Fwp%2Fv2%2Fcomments&post=488"}],"version-history":[{"count":5,"href":"https:\/\/demo.arches.co.jp\/index.php?rest_route=\/wp\/v2\/pages\/488\/revisions"}],"predecessor-version":[{"id":2398,"href":"https:\/\/demo.arches.co.jp\/index.php?rest_route=\/wp\/v2\/pages\/488\/revisions\/2398"}],"up":[{"embeddable":true,"href":"https:\/\/demo.arches.co.jp\/index.php?rest_route=\/wp\/v2\/pages\/455"}],"wp:featuredmedia":[{"embeddable":true,"href":"https:\/\/demo.arches.co.jp\/index.php?rest_route=\/wp\/v2\/media\/533"}],"wp:attachment":[{"href":"https:\/\/demo.arches.co.jp\/index.php?rest_route=%2Fwp%2Fv2%2Fmedia&parent=488"}],"curies":[{"name":"wp","href":"https:\/\/api.w.org\/{rel}","templated":true}]}}