{"id":888,"date":"2021-04-21T10:44:22","date_gmt":"2021-04-21T01:44:22","guid":{"rendered":"https:\/\/demo.arches.co.jp\/?page_id=888"},"modified":"2021-08-25T16:41:25","modified_gmt":"2021-08-25T07:41:25","slug":"history","status":"publish","type":"page","link":"https:\/\/demo.arches.co.jp\/?page_id=888&lang=en","title":{"rendered":"History"},"content":{"rendered":"\n<figure class=\"wp-block-gallery columns-1 is-cropped wp-block-gallery-1 is-layout-flex wp-block-gallery-is-layout-flex\"><ul class=\"blocks-gallery-grid\"><li class=\"blocks-gallery-item\"><figure><img loading=\"lazy\" decoding=\"async\" width=\"660\" height=\"440\" src=\"https:\/\/demo.arches.co.jp\/wp-content\/uploads\/2021\/04\/\u5948\u826f\u67f3\u751f\u8857\u9053.jpeg\" alt=\"\" data-id=\"429\" data-full-url=\"https:\/\/demo.arches.co.jp\/wp-content\/uploads\/2021\/04\/\u5948\u826f\u67f3\u751f\u8857\u9053.jpeg\" data-link=\"https:\/\/demo.arches.co.jp\/?attachment_id=429\" class=\"wp-image-429\" srcset=\"https:\/\/demo.arches.co.jp\/wp-content\/uploads\/2021\/04\/\u5948\u826f\u67f3\u751f\u8857\u9053.jpeg 660w, https:\/\/demo.arches.co.jp\/wp-content\/uploads\/2021\/04\/\u5948\u826f\u67f3\u751f\u8857\u9053-300x200.jpeg 300w\" sizes=\"(max-width: 660px) 100vw, 660px\" \/><figcaption class=\"blocks-gallery-item__caption\">Nara Yagy\u016b Road<\/figcaption><\/figure><\/li><\/ul><\/figure>\n\n\n\n<p><small>\u64ae\u5f71:\u68ee\u5c71\u96c5\u667a\u6c0f \u5199\u771f\u63d0\u4f9b:\u65e5\u8208\u7f8e\u8853\u682a\u5f0f\u4f1a\u793e<\/small><\/p>\n\n\n\n<p><strong>The History of Yagy\u016b Shinkage Ry\u016b<\/strong><\/p>\n\n\n\n<p><strong>2-1. The Birth of Shinkage-Ry\u016b<\/strong><br>During the Warring States Period, about 500 years ago, Kamiizumi Ise-no-kami Fujiwara Hidetsuna (later Nobutsuna) from J\u014dshu (currently Gunma Prefecture) familiarized himself with many schools of the sword and spear at a young age. Among them, he learned Kage Ry\u016b (Shadow School) from its founder Aisu Ikosai, and then created Shinkage Ry\u016b (New Kage Ry\u016b) after discovering the principal which he called \u201cmarobashi\u201d.<\/p>\n\n\n\n<figure class=\"wp-block-image size-large margin-0\"><img loading=\"lazy\" decoding=\"async\" width=\"300\" height=\"350\" src=\"https:\/\/demo.arches.co.jp\/wp-content\/uploads\/2021\/04\/\u67f3\u751f\u77f3\u821f\u658e\u5b97\u53b3-\u81ea\u7b46\u5175\u6cd5\u767e\u6b4c\u96c6-1.jpeg\" alt=\"\" class=\"wp-image-595\" srcset=\"https:\/\/demo.arches.co.jp\/wp-content\/uploads\/2021\/04\/\u67f3\u751f\u77f3\u821f\u658e\u5b97\u53b3-\u81ea\u7b46\u5175\u6cd5\u767e\u6b4c\u96c6-1.jpeg 300w, https:\/\/demo.arches.co.jp\/wp-content\/uploads\/2021\/04\/\u67f3\u751f\u77f3\u821f\u658e\u5b97\u53b3-\u81ea\u7b46\u5175\u6cd5\u767e\u6b4c\u96c6-1-257x300.jpeg 257w\" sizes=\"(max-width: 300px) 100vw, 300px\" \/><figcaption>Yagy\u016b Sekisy\u016bsai Munetoshi genuine writing (Heih\u014d Hyattka)<\/figcaption><\/figure>\n\n\n\n<p>Yagy\u016b Sekish\u016bsai Munetoshi was a famous swordsman in the Yamato region (currently Nara Prefecture). On the way to Kyoto, Ise-no-kami met with Yagy\u016b Sekish\u016bsai by introduction of Kitabatake Tomonori, the lord of Ise domain, at H\u014dz\u014din, a branch temple of K\u014dfukuji Temple, under the presence of H\u014dz\u014din Inei. After losing a match with Ise-no-kami, Sekish\u016bsai became his disciple in order to thoroughly master Shinkage Ry\u016b. &#8220;Sekish\u016bsai learned from Ise-no-kami and made his own development, mut\u014d-no-kurai (the concept of \u201cno sword\u201d). After approving Sekish\u016bsai&#8217;s mut\u014d-no-kurai, Ise-no-kami made him the second headmaster of Shinkage Ry\u016b.&#8221; <\/p>\n\n\n\n<p>Sekish\u016bsai and his fifth son, Munenori, later demonstrated Shinkage Ry\u016b before Lord Tokugawa Ieyasu. Due to that meeting, Munenori was employed by Lord Ieyasu, and became a teacher of heih\u014d(swordsmanship) for 2nd and 3rd Tokugawa Shoguns, Lord Hidetada and Lord Iemitsu. As a result, the name Shinkage Ry\u016b became well known throughout the entire country. Munenori became the founder of the &#8220;Edo Yagy\u016b\u201d. However the \u201cEdo Yagy\u016b\u201d lost the Yagy\u016b family bloodline in the time of Yoshikata, the great-grandson of Munenori.<br><\/p>\n\n\n\n<figure class=\"wp-block-gallery columns-1 is-cropped wp-block-gallery-2 is-layout-flex wp-block-gallery-is-layout-flex\"><ul class=\"blocks-gallery-grid\"><li class=\"blocks-gallery-item\"><figure><img loading=\"lazy\" decoding=\"async\" width=\"206\" height=\"283\" src=\"https:\/\/demo.arches.co.jp\/wp-content\/uploads\/2021\/04\/\u7b2c\u4e94\u4e16-\u7b2c\u4e94\u4ee3-\u67f3\u751f\u9023\u4e5f\u658e\u53b3\u5305.jpeg\" alt=\"\" data-id=\"426\" data-full-url=\"https:\/\/demo.arches.co.jp\/wp-content\/uploads\/2021\/04\/\u7b2c\u4e94\u4e16-\u7b2c\u4e94\u4ee3-\u67f3\u751f\u9023\u4e5f\u658e\u53b3\u5305.jpeg\" data-link=\"https:\/\/demo.arches.co.jp\/?attachment_id=426\" class=\"wp-image-426\"\/><figcaption class=\"blocks-gallery-item__caption\">The 5th headmaster, the 5th famaily head, Yagy\u016b Renya Toshikane<\/figcaption><\/figure><\/li><\/ul><\/figure>\n\n\n\n<figure class=\"wp-block-gallery columns-1 is-cropped wp-block-gallery-3 is-layout-flex wp-block-gallery-is-layout-flex\"><ul class=\"blocks-gallery-grid\"><li class=\"blocks-gallery-item\"><figure><img loading=\"lazy\" decoding=\"async\" width=\"300\" height=\"312\" src=\"https:\/\/demo.arches.co.jp\/wp-content\/uploads\/2021\/04\/\u5c3e\u5f35\u67f3\u751f\u958b\u7956-\u5175\u5eab\u52a9\u5229\u53b3.jpeg\" alt=\"\" data-id=\"431\" data-full-url=\"https:\/\/demo.arches.co.jp\/wp-content\/uploads\/2021\/04\/\u5c3e\u5f35\u67f3\u751f\u958b\u7956-\u5175\u5eab\u52a9\u5229\u53b3.jpeg\" data-link=\"https:\/\/demo.arches.co.jp\/?attachment_id=431\" class=\"wp-image-431\" srcset=\"https:\/\/demo.arches.co.jp\/wp-content\/uploads\/2021\/04\/\u5c3e\u5f35\u67f3\u751f\u958b\u7956-\u5175\u5eab\u52a9\u5229\u53b3.jpeg 300w, https:\/\/demo.arches.co.jp\/wp-content\/uploads\/2021\/04\/\u5c3e\u5f35\u67f3\u751f\u958b\u7956-\u5175\u5eab\u52a9\u5229\u53b3-288x300.jpeg 288w\" sizes=\"(max-width: 300px) 100vw, 300px\" \/><figcaption class=\"blocks-gallery-item__caption\">Founder of Owari Yagy\u016b, Hy\u014dgonosuke Toshitoshi<\/figcaption><\/figure><\/li><\/ul><\/figure>\n\n\n\n<p>The tradition was passed from Toshitoshi, the 3rd headmaster of Shinkage Ry\u016b; to Tokugawa Yoshinao the first lord of the Owari Tokugawa Domain; to Yagy\u016b Toshikane; to Tokugawa Mitsutomo, the second lord of the Owari Tokugawa Domain. Until the Meiji Restoration, the lineage was passed down by eleven heads of Yagy\u016b family and seven lords of Owari Domain (one of the seven lords died before ascending to the lordship).<\/p>\n\n\n\n<p><strong>2-2. Yagy\u016b Shinkage Ry\u016b in Modern Era<\/strong><br><\/p>\n\n\n\n<figure class=\"wp-block-gallery columns-1 is-cropped wp-block-gallery-4 is-layout-flex wp-block-gallery-is-layout-flex\"><ul class=\"blocks-gallery-grid\"><li class=\"blocks-gallery-item\"><figure><img loading=\"lazy\" decoding=\"async\" width=\"660\" height=\"593\" src=\"https:\/\/demo.arches.co.jp\/wp-content\/uploads\/2021\/04\/\u5c3e\u5f35\u67f3\u751f\u5bb6\u306e\u5ead\u306b\u3066\u7b2c\u5341\u4e5d\u4e16\u67f3\u751f\u4e09\u4e94\u90ce\u53b3\u5468\u592b\u59bb\u3092\u56f2\u3093\u3066\u3099\u559c\u5bff\u3092\u795d\u3046\u4e00\u65cf\u306e\u5199\u771f\u5927\u6b63\u5341\u4e00\u5e74\u9803.jpeg\" alt=\"\" data-id=\"648\" data-full-url=\"https:\/\/demo.arches.co.jp\/wp-content\/uploads\/2021\/04\/\u5c3e\u5f35\u67f3\u751f\u5bb6\u306e\u5ead\u306b\u3066\u7b2c\u5341\u4e5d\u4e16\u67f3\u751f\u4e09\u4e94\u90ce\u53b3\u5468\u592b\u59bb\u3092\u56f2\u3093\u3066\u3099\u559c\u5bff\u3092\u795d\u3046\u4e00\u65cf\u306e\u5199\u771f\u5927\u6b63\u5341\u4e00\u5e74\u9803.jpeg\" data-link=\"https:\/\/demo.arches.co.jp\/?attachment_id=648\" class=\"wp-image-648\" srcset=\"https:\/\/demo.arches.co.jp\/wp-content\/uploads\/2021\/04\/\u5c3e\u5f35\u67f3\u751f\u5bb6\u306e\u5ead\u306b\u3066\u7b2c\u5341\u4e5d\u4e16\u67f3\u751f\u4e09\u4e94\u90ce\u53b3\u5468\u592b\u59bb\u3092\u56f2\u3093\u3066\u3099\u559c\u5bff\u3092\u795d\u3046\u4e00\u65cf\u306e\u5199\u771f\u5927\u6b63\u5341\u4e00\u5e74\u9803.jpeg 660w, https:\/\/demo.arches.co.jp\/wp-content\/uploads\/2021\/04\/\u5c3e\u5f35\u67f3\u751f\u5bb6\u306e\u5ead\u306b\u3066\u7b2c\u5341\u4e5d\u4e16\u67f3\u751f\u4e09\u4e94\u90ce\u53b3\u5468\u592b\u59bb\u3092\u56f2\u3093\u3066\u3099\u559c\u5bff\u3092\u795d\u3046\u4e00\u65cf\u306e\u5199\u771f\u5927\u6b63\u5341\u4e00\u5e74\u9803-300x270.jpeg 300w\" sizes=\"(max-width: 660px) 100vw, 660px\" \/><figcaption class=\"blocks-gallery-item__caption\">A photo of the 19th Yagy\u016b Sangor\u014d Toshichika and his wife celebrated his 88 years old in the garden of the Owari Yagy\u016b family (around 1922)<\/figcaption><\/figure><\/li><\/ul><\/figure>\n\n\n\n<p>Even though Japanese swordsmanship had great difficulty surviving after the Meiji Restoration in 1868, the 19th headmaster, Yagy\u016b Toshichika, and his assistants continued their activities with great effort throughout the Meiji Era to preserve the tradition of Shinkage Ry\u016b. From 1913 to 1921, Toshichika and Toshinaga taught Yagy\u016b Shinkage Ry\u016b at the Saineikan D\u014dj\u014d of the Imperial Household, in accordance with the Meiji Emperor\u2019s will to permanently preserve Yagy\u016b Shinkage Ry\u016b. Unfortunately, the mission ended due to the reorganization of the Imperial Guards in 1921.<\/p>\n\n\n\n<figure class=\"wp-block-gallery columns-1 is-cropped wp-block-gallery-5 is-layout-flex wp-block-gallery-is-layout-flex\"><ul class=\"blocks-gallery-grid\"><li class=\"blocks-gallery-item\"><figure><img loading=\"lazy\" decoding=\"async\" width=\"300\" height=\"423\" src=\"https:\/\/demo.arches.co.jp\/wp-content\/uploads\/2021\/04\/\u7b2c\u4e8c\u5341\u4e16\u5b97\u5bb6-\u67f3\u751f\u91d1\u6cbb-\u5e73-\u53b3\u9577.jpeg\" alt=\"\" data-id=\"428\" data-full-url=\"https:\/\/demo.arches.co.jp\/wp-content\/uploads\/2021\/04\/\u7b2c\u4e8c\u5341\u4e16\u5b97\u5bb6-\u67f3\u751f\u91d1\u6cbb-\u5e73-\u53b3\u9577.jpeg\" data-link=\"https:\/\/demo.arches.co.jp\/?attachment_id=428\" class=\"wp-image-428\" srcset=\"https:\/\/demo.arches.co.jp\/wp-content\/uploads\/2021\/04\/\u7b2c\u4e8c\u5341\u4e16\u5b97\u5bb6-\u67f3\u751f\u91d1\u6cbb-\u5e73-\u53b3\u9577.jpeg 300w, https:\/\/demo.arches.co.jp\/wp-content\/uploads\/2021\/04\/\u7b2c\u4e8c\u5341\u4e16\u5b97\u5bb6-\u67f3\u751f\u91d1\u6cbb-\u5e73-\u53b3\u9577-213x300.jpeg 213w\" sizes=\"(max-width: 300px) 100vw, 300px\" \/><figcaption class=\"blocks-gallery-item__caption\">The 20th headmaster Yagy\u016b Kinji Toshinaga <\/figcaption><\/figure><\/li><\/ul><\/figure>\n\n\n\n<p>The 20th headmaster, Yagy\u016b Toshinaga, based Yagy\u016b Shinkage Ry\u016b in Tokyo. At the Hekiy\u014dkan, built by Yagy\u016b Fusayoshi and his son Kazuyoshi, and at the Kong\u014dkan built by the Owari Yagy\u016b family after the closure of the Hekiy\u014dkan, he made an effort to spread Shinkage Ry\u016b further. He was the master instructor of the Imperial Guard Officers Organization and also taught seminars at the Butokukai (martial arts training academy) branch schools through Japan. The Hekiy\u014dkan was donated to Enkaku-ji Temple in Kamakura and now it is used as Zen D\u014dj\u014d Kojirin.<\/p>\n\n\n\n<p>During WWII, the Nagoya D\u014dj\u014d, which had existed since the days of the 3rd head master Hy\u014dgonosuke Toshitoshi, burned down. Shinkage Ry\u016b again faced difficulties in continuing its activities.<\/p>\n\n\n\n<p>In 1955, Toshinaga established the Tokyo Yagy\u016bkai with the support of Ishida Kazuto, Chief Justice of the Supreme Court, among others, and resumed his activities to preserve Shinkage Ry\u016b.<br>He wrote \u201cSh\u014dden Shinkage Ry\u016b\u201d<a href=\"https:\/\/demo.arches.co.jp\/?p=90\">\u201cThe correct transmission of Shinkage Ry\u016b\u201d<\/a>(Published by Kodan Sha in 1957, later republished by Shimazu Shob\u014d) to record the history and theories of Shinkage Ry\u016b.<\/p>\n\n\n\n<figure class=\"wp-block-gallery columns-1 is-cropped wp-block-gallery-6 is-layout-flex wp-block-gallery-is-layout-flex\"><ul class=\"blocks-gallery-grid\"><li class=\"blocks-gallery-item\"><figure><img loading=\"lazy\" decoding=\"async\" width=\"300\" height=\"457\" src=\"https:\/\/demo.arches.co.jp\/wp-content\/uploads\/2021\/04\/\u7b2c\u4e8c\u5341\u4e00\u4e16\u5b97\u5bb6-\u67f3\u751f\u5ef6\u6625-\u5e73-\u53b3\u9053.jpeg\" alt=\"\" data-id=\"427\" data-full-url=\"https:\/\/demo.arches.co.jp\/wp-content\/uploads\/2021\/04\/\u7b2c\u4e8c\u5341\u4e00\u4e16\u5b97\u5bb6-\u67f3\u751f\u5ef6\u6625-\u5e73-\u53b3\u9053.jpeg\" data-link=\"https:\/\/demo.arches.co.jp\/?attachment_id=427\" class=\"wp-image-427\" srcset=\"https:\/\/demo.arches.co.jp\/wp-content\/uploads\/2021\/04\/\u7b2c\u4e8c\u5341\u4e00\u4e16\u5b97\u5bb6-\u67f3\u751f\u5ef6\u6625-\u5e73-\u53b3\u9053.jpeg 300w, https:\/\/demo.arches.co.jp\/wp-content\/uploads\/2021\/04\/\u7b2c\u4e8c\u5341\u4e00\u4e16\u5b97\u5bb6-\u67f3\u751f\u5ef6\u6625-\u5e73-\u53b3\u9053-197x300.jpeg 197w\" sizes=\"(max-width: 300px) 100vw, 300px\" \/><figcaption class=\"blocks-gallery-item__caption\">The 21st headmaster Yagy\u016b Nobuharu Taira Toshimichi<\/figcaption><\/figure><\/li><\/ul><\/figure>\n\n\n\n<p>The 21st head master, Nobuharu Toshimichi took over the leadership of the Yagy\u016bkai in 1966. He began holding lectures at the Yagy\u016bkai Tokyo Getsurei-kai (monthly meeting) in 1969 and spread the Yagy\u016bkai to branches in Tokyo, Nagoya, and Osaka.<\/p>\n\n\n\n<p>We began using the name Yagy\u016b Shinkage Ry\u016b Heih\u014d instead of simply Shinkage Ry\u016b in April 1988 to make clear that Shinkage Ry\u016b has been passed down by the Yagy\u016b family.<\/p>\n\n\n\n<p>Nobuharu Toshimichi passed away in May 2007 and the 22nd headmaster, K\u014dichi Toshinobu became the 16th head of Yagy\u016b family.<\/p>\n\n\n\n<figure class=\"wp-block-gallery columns-1 is-cropped wp-block-gallery-7 is-layout-flex wp-block-gallery-is-layout-flex\"><ul class=\"blocks-gallery-grid\"><li class=\"blocks-gallery-item\"><figure><img loading=\"lazy\" decoding=\"async\" width=\"660\" height=\"310\" src=\"https:\/\/demo.arches.co.jp\/wp-content\/uploads\/2021\/04\/\u67f3\u751f\u65b0\u9670\u6d41\u5175\u6cd5\u8b1b\u9053\u8cc7\u6599.jpeg\" alt=\"\" data-id=\"432\" data-full-url=\"https:\/\/demo.arches.co.jp\/wp-content\/uploads\/2021\/04\/\u67f3\u751f\u65b0\u9670\u6d41\u5175\u6cd5\u8b1b\u9053\u8cc7\u6599.jpeg\" data-link=\"https:\/\/demo.arches.co.jp\/?attachment_id=432\" class=\"wp-image-432\" srcset=\"https:\/\/demo.arches.co.jp\/wp-content\/uploads\/2021\/04\/\u67f3\u751f\u65b0\u9670\u6d41\u5175\u6cd5\u8b1b\u9053\u8cc7\u6599.jpeg 660w, https:\/\/demo.arches.co.jp\/wp-content\/uploads\/2021\/04\/\u67f3\u751f\u65b0\u9670\u6d41\u5175\u6cd5\u8b1b\u9053\u8cc7\u6599-300x141.jpeg 300w\" sizes=\"(max-width: 660px) 100vw, 660px\" \/><figcaption class=\"blocks-gallery-item__caption\">Yagy\u016b Shinkage Ry\u016b Lecture Texts<\/figcaption><\/figure><\/li><\/ul><\/figure>\n\n\n\n<p>Currently, the Yagy\u016bkai continues its activities of maintaining Yagy\u016b Shinkage Ry\u016b under the supervision of the headmaster at regional Yagy\u016bkai in Nagoya,  Tokyo, Kansai, Anjo, US and Hong Kong.<\/p>\n","protected":false},"excerpt":{"rendered":"<p>\u64ae\u5f71:\u68ee\u5c71\u96c5\u667a\u6c0f \u5199\u771f\u63d0\u4f9b:\u65e5\u8208\u7f8e\u8853\u682a\u5f0f\u4f1a\u793e The History of Yagy\u016b Shinkage Ry\u016b 2-1. The Birth of Shinkage-Ry\u016bDuring the Warring Stat [&hellip;]<\/p>\n","protected":false},"author":1,"featured_media":0,"parent":0,"menu_order":1,"comment_status":"closed","ping_status":"closed","template":"","meta":{"_s2mail":"yes","footnotes":""},"_links":{"self":[{"href":"https:\/\/demo.arches.co.jp\/index.php?rest_route=\/wp\/v2\/pages\/888"}],"collection":[{"href":"https:\/\/demo.arches.co.jp\/index.php?rest_route=\/wp\/v2\/pages"}],"about":[{"href":"https:\/\/demo.arches.co.jp\/index.php?rest_route=\/wp\/v2\/types\/page"}],"author":[{"embeddable":true,"href":"https:\/\/demo.arches.co.jp\/index.php?rest_route=\/wp\/v2\/users\/1"}],"replies":[{"embeddable":true,"href":"https:\/\/demo.arches.co.jp\/index.php?rest_route=%2Fwp%2Fv2%2Fcomments&post=888"}],"version-history":[{"count":4,"href":"https:\/\/demo.arches.co.jp\/index.php?rest_route=\/wp\/v2\/pages\/888\/revisions"}],"predecessor-version":[{"id":2211,"href":"https:\/\/demo.arches.co.jp\/index.php?rest_route=\/wp\/v2\/pages\/888\/revisions\/2211"}],"wp:attachment":[{"href":"https:\/\/demo.arches.co.jp\/index.php?rest_route=%2Fwp%2Fv2%2Fmedia&parent=888"}],"curies":[{"name":"wp","href":"https:\/\/api.w.org\/{rel}","templated":true}]}}