{"id":914,"date":"2021-04-21T14:06:51","date_gmt":"2021-04-21T05:06:51","guid":{"rendered":"https:\/\/demo.arches.co.jp\/?page_id=914"},"modified":"2021-08-25T16:06:13","modified_gmt":"2021-08-25T07:06:13","slug":"guidance-for-joining-yagyukai","status":"publish","type":"page","link":"https:\/\/demo.arches.co.jp\/?page_id=914&lang=en","title":{"rendered":"Guidance for joining Yagy\u016bkai"},"content":{"rendered":"\n<p><small><span style=\"color: #999999;\">\u64ae\u5f71:\u68ee\u5c71\u96c5\u667a\u6c0f \u5199\u771f\u63d0\u4f9b:\u65e5\u8208\u7f8e\u8853\u682a\u5f0f\u4f1a\u793e<\/span><\/small><br><strong>About Regional Yagy\u016bkai<\/strong><\/p>\n\n\n\n<p><strong>Inquiries<\/strong><br>All inquiries will be answered by the assigned person in charge.<\/p>\n\n\n\n<p><strong>Practice Equipment<\/strong><br>Hikihada Shinai: the Yagy\u016bkai will advise on acquisition.<br>Keikogi \/ Hakama \/ Obi: Please obtain them on your own. (We will advise on where they can be obtained.)<br>Bokuto (wooden sword) \/ Live-blade sword \/ Blunt sword for iai practice: We will advise later in training.<\/p>\n\n\n\n<p>Yagy\u016bkai information<br><span style=\"text-decoration: underline;\"><a href=\"https:\/\/demo.arches.co.jp\/wp-content\/uploads\/2021\/04\/190623dougyo.pdf\">PDF download (Japanese)<\/a><\/span><\/p>\n\n\n\n<p><\/p>\n\n\n<ul class=\"post-list\"><li class=\"post\"><a href=\"https:\/\/demo.arches.co.jp\/?page_id=952&lang=en\"><div class=\"title\">Nagoya Yagy\u016bkai (Headquarters) :<\/div><div class=\"detail\"><div class=\"thumbnail\"><img loading=\"lazy\" decoding=\"async\" width=\"563\" height=\"353\" src=\"https:\/\/demo.arches.co.jp\/wp-content\/uploads\/2021\/04\/nagoya_1.jpg\" class=\"attachment-post-thumbnail size-post-thumbnail wp-post-image\" alt=\"\u540d\u53e4\u5c4b\u67f3\u751f\u4f1a\" srcset=\"https:\/\/demo.arches.co.jp\/wp-content\/uploads\/2021\/04\/nagoya_1.jpg 563w, https:\/\/demo.arches.co.jp\/wp-content\/uploads\/2021\/04\/nagoya_1-300x188.jpg 300w\" sizes=\"(max-width: 563px) 100vw, 563px\" \/><\/div><div class=\"excerpt\">Keiko (practice) and K\u014dd\u014d (lecture) by Headmaster days and times:\u3000Yagy\u016b Shinkage Ry\u016b Heih\u014d ; Odd Tuesdays \/ Th [&hellip;]<\/div><\/div><\/a><\/li><li class=\"post\"><a href=\"https:\/\/demo.arches.co.jp\/?page_id=954&lang=en\"><div class=\"title\">Tokyo Yagy\u016bkai :<\/div><div class=\"detail\"><div class=\"thumbnail\"><img loading=\"lazy\" decoding=\"async\" width=\"563\" height=\"353\" src=\"https:\/\/demo.arches.co.jp\/wp-content\/uploads\/2021\/04\/tokyo_1.jpg\" class=\"attachment-post-thumbnail size-post-thumbnail wp-post-image\" alt=\"\u6771\u4eac\u67f3\u751f\u4f1a\" srcset=\"https:\/\/demo.arches.co.jp\/wp-content\/uploads\/2021\/04\/tokyo_1.jpg 563w, https:\/\/demo.arches.co.jp\/wp-content\/uploads\/2021\/04\/tokyo_1-300x188.jpg 300w\" sizes=\"(max-width: 563px) 100vw, 563px\" \/><\/div><div class=\"excerpt\">Keiko (practice) days and times: Yagy\u016b Shinkage Ry\u016b Heih\u014d, Yagy\u016b Seig\u014d Ry\u016b Batt\u014d ;\u3000Tuesdays 18:00 \u2013 21:00, Sun [&hellip;]<\/div><\/div><\/a><\/li><li class=\"post\"><a href=\"https:\/\/demo.arches.co.jp\/?page_id=956&lang=en\"><div class=\"title\">Kansai Yagy\u016bkai :<\/div><div class=\"detail\"><div class=\"thumbnail\"><img loading=\"lazy\" decoding=\"async\" width=\"563\" height=\"353\" src=\"https:\/\/demo.arches.co.jp\/wp-content\/uploads\/2021\/04\/kansai_1.jpg\" class=\"attachment-post-thumbnail size-post-thumbnail wp-post-image\" alt=\"\u95a2\u897f\u67f3\u751f\u4f1a\" srcset=\"https:\/\/demo.arches.co.jp\/wp-content\/uploads\/2021\/04\/kansai_1.jpg 563w, https:\/\/demo.arches.co.jp\/wp-content\/uploads\/2021\/04\/kansai_1-300x188.jpg 300w\" sizes=\"(max-width: 563px) 100vw, 563px\" \/><\/div><div class=\"excerpt\">Keiko (practice) days and times: Yagy\u016b Shinkage Ry\u016b Heih\u014d, Yagyu Seig\u014d Ry\u016b Batt\u014d ; Saturdays 13:00 \u2013 16:00 Kei [&hellip;]<\/div><\/div><\/a><\/li><li class=\"post\"><a href=\"https:\/\/demo.arches.co.jp\/?page_id=967&lang=en\"><div class=\"title\">Anjo Yagy\u016bkai :<\/div><div class=\"detail\"><div class=\"thumbnail\"><img loading=\"lazy\" decoding=\"async\" width=\"563\" height=\"353\" src=\"https:\/\/demo.arches.co.jp\/wp-content\/uploads\/2021\/04\/anjou_1.jpg\" class=\"attachment-post-thumbnail size-post-thumbnail wp-post-image\" alt=\"\u5b89\u57ce\u67f3\u751f\u4f1a\" srcset=\"https:\/\/demo.arches.co.jp\/wp-content\/uploads\/2021\/04\/anjou_1.jpg 563w, https:\/\/demo.arches.co.jp\/wp-content\/uploads\/2021\/04\/anjou_1-300x188.jpg 300w\" sizes=\"(max-width: 563px) 100vw, 563px\" \/><\/div><div class=\"excerpt\">Keiko (practice) days and times:Yagy\u016b Shinkage Ry\u016b Heih\u014d, Yagy\u016b Seig\u014d Ry\u016b Batt\u014d ;\u3000Wednesdays 20:00 \u2013 21:30, 1s [&hellip;]<\/div><\/div><\/a><\/li><li class=\"post\"><a href=\"https:\/\/demo.arches.co.jp\/?page_id=921&lang=en\"><div class=\"title\">Yagy\u016bkai USA:<\/div><div class=\"detail\"><div class=\"thumbnail\"><img loading=\"lazy\" decoding=\"async\" width=\"563\" height=\"353\" src=\"https:\/\/demo.arches.co.jp\/wp-content\/uploads\/2021\/04\/usa_1.jpg\" class=\"attachment-post-thumbnail size-post-thumbnail wp-post-image\" alt=\"Yagy\u016bkai USA\" srcset=\"https:\/\/demo.arches.co.jp\/wp-content\/uploads\/2021\/04\/usa_1.jpg 563w, https:\/\/demo.arches.co.jp\/wp-content\/uploads\/2021\/04\/usa_1-300x188.jpg 300w\" sizes=\"(max-width: 563px) 100vw, 563px\" \/><\/div><div class=\"excerpt\">Keiko (practice) and k\u014dd\u014d (lecture) by the Headmaster: Once a year, under the direction and guidance of the He [&hellip;]<\/div><\/div><\/a><\/li><li class=\"post\"><a href=\"https:\/\/demo.arches.co.jp\/?page_id=924&lang=en\"><div class=\"title\">Hong Kong Yagy\u016bkai<\/div><div class=\"detail\"><div class=\"thumbnail\"><img loading=\"lazy\" decoding=\"async\" width=\"563\" height=\"353\" src=\"https:\/\/demo.arches.co.jp\/wp-content\/uploads\/2021\/04\/hongkong_1.jpg\" class=\"attachment-post-thumbnail size-post-thumbnail wp-post-image\" alt=\"Hong Kong Yagy\u016bkai\" srcset=\"https:\/\/demo.arches.co.jp\/wp-content\/uploads\/2021\/04\/hongkong_1.jpg 563w, https:\/\/demo.arches.co.jp\/wp-content\/uploads\/2021\/04\/hongkong_1-300x188.jpg 300w\" sizes=\"(max-width: 563px) 100vw, 563px\" \/><\/div><div class=\"excerpt\">1. Keiko days and times. Practices are arranged individually with members throughout the week. 2. Keiko and k\u014d [&hellip;]<\/div><\/div><\/a><\/li><\/ul>\n\n\n\n<p><\/p>\n","protected":false},"excerpt":{"rendered":"<p>\u64ae\u5f71:\u68ee\u5c71\u96c5\u667a\u6c0f \u5199\u771f\u63d0\u4f9b:\u65e5\u8208\u7f8e\u8853\u682a\u5f0f\u4f1a\u793eAbout Regional Yagy\u016bkai InquiriesAll inquiries will be answered by the assigned person i [&hellip;]<\/p>\n","protected":false},"author":2,"featured_media":1466,"parent":0,"menu_order":3,"comment_status":"closed","ping_status":"closed","template":"","meta":{"_s2mail":"yes","footnotes":""},"_links":{"self":[{"href":"https:\/\/demo.arches.co.jp\/index.php?rest_route=\/wp\/v2\/pages\/914"}],"collection":[{"href":"https:\/\/demo.arches.co.jp\/index.php?rest_route=\/wp\/v2\/pages"}],"about":[{"href":"https:\/\/demo.arches.co.jp\/index.php?rest_route=\/wp\/v2\/types\/page"}],"author":[{"embeddable":true,"href":"https:\/\/demo.arches.co.jp\/index.php?rest_route=\/wp\/v2\/users\/2"}],"replies":[{"embeddable":true,"href":"https:\/\/demo.arches.co.jp\/index.php?rest_route=%2Fwp%2Fv2%2Fcomments&post=914"}],"version-history":[{"count":8,"href":"https:\/\/demo.arches.co.jp\/index.php?rest_route=\/wp\/v2\/pages\/914\/revisions"}],"predecessor-version":[{"id":1917,"href":"https:\/\/demo.arches.co.jp\/index.php?rest_route=\/wp\/v2\/pages\/914\/revisions\/1917"}],"wp:featuredmedia":[{"embeddable":true,"href":"https:\/\/demo.arches.co.jp\/index.php?rest_route=\/wp\/v2\/media\/1466"}],"wp:attachment":[{"href":"https:\/\/demo.arches.co.jp\/index.php?rest_route=%2Fwp%2Fv2%2Fmedia&parent=914"}],"curies":[{"name":"wp","href":"https:\/\/api.w.org\/{rel}","templated":true}]}}