{"id":921,"date":"2021-04-21T14:13:22","date_gmt":"2021-04-21T05:13:22","guid":{"rendered":"https:\/\/demo.arches.co.jp\/?page_id=921"},"modified":"2021-08-25T16:08:38","modified_gmt":"2021-08-25T07:08:38","slug":"yagyukai-usa","status":"publish","type":"page","link":"https:\/\/demo.arches.co.jp\/?page_id=921&lang=en","title":{"rendered":"Yagy\u016bkai USA:"},"content":{"rendered":"<p><strong>Keiko (practice) and k\u014dd\u014d (lecture) by the Headmaster:<\/strong><br \/>\nOnce a year, under the direction and guidance of the Headmaster of Shinkage Ry\u016b a four day workshop is held at the Ken-Zen Institute in New York City. The time and dates of this workshop change year to year. There is also a yearly keiko and k\u014dd\u014d in Japan open to all international members. <em>Please go here for further information concerning these events.<\/em><\/p>\n<p><strong>Keiko Locations:<\/strong><br \/>\nRegular practices take place at the following locations: Flagstaff Arizona, Boston Massachusetts, Austin Texas, New York City, Long Island New York and Ithaca New York.<em> Please contact us here for further information on times and dates of local Yagy\u016bkai practices.<\/em><\/p>\n<p><strong>Membership process and membership fees:<\/strong><br \/>\nThe local membership process requires the prospective student to observe practices and discuss in person with the local Senior Student what membership requirements and expectations are in the Yagy\u016bkai. A person only becomes a member of the Yagyu Kai after being observed and approved by the Headmaster of Yagy\u016b Shinkage Ry\u016b.<br \/>\nIt is also required that members of the group train directly under the Headmaster at least once every two years.<br \/>\nMembership fees are made up of two parts: 1) an annual fee to the Headmaster and 2) Local dojo membership fees. The fee to the Headmaster is a standard fee. Local dojo fees vary between locations. Detailed discussion concerning fees will take place in person once you begin practicing.<\/p>\n","protected":false},"excerpt":{"rendered":"<p>Keiko (practice) and k\u014dd\u014d (lecture) by the Headmaster: Once a year, under the direction and guidance of the He [&hellip;]<\/p>\n","protected":false},"author":2,"featured_media":533,"parent":914,"menu_order":5,"comment_status":"closed","ping_status":"closed","template":"","meta":{"_s2mail":"yes","footnotes":""},"_links":{"self":[{"href":"https:\/\/demo.arches.co.jp\/index.php?rest_route=\/wp\/v2\/pages\/921"}],"collection":[{"href":"https:\/\/demo.arches.co.jp\/index.php?rest_route=\/wp\/v2\/pages"}],"about":[{"href":"https:\/\/demo.arches.co.jp\/index.php?rest_route=\/wp\/v2\/types\/page"}],"author":[{"embeddable":true,"href":"https:\/\/demo.arches.co.jp\/index.php?rest_route=\/wp\/v2\/users\/2"}],"replies":[{"embeddable":true,"href":"https:\/\/demo.arches.co.jp\/index.php?rest_route=%2Fwp%2Fv2%2Fcomments&post=921"}],"version-history":[{"count":1,"href":"https:\/\/demo.arches.co.jp\/index.php?rest_route=\/wp\/v2\/pages\/921\/revisions"}],"predecessor-version":[{"id":922,"href":"https:\/\/demo.arches.co.jp\/index.php?rest_route=\/wp\/v2\/pages\/921\/revisions\/922"}],"up":[{"embeddable":true,"href":"https:\/\/demo.arches.co.jp\/index.php?rest_route=\/wp\/v2\/pages\/914"}],"wp:featuredmedia":[{"embeddable":true,"href":"https:\/\/demo.arches.co.jp\/index.php?rest_route=\/wp\/v2\/media\/533"}],"wp:attachment":[{"href":"https:\/\/demo.arches.co.jp\/index.php?rest_route=%2Fwp%2Fv2%2Fmedia&parent=921"}],"curies":[{"name":"wp","href":"https:\/\/api.w.org\/{rel}","templated":true}]}}