{"id":941,"date":"2021-04-21T14:47:03","date_gmt":"2021-04-21T05:47:03","guid":{"rendered":"https:\/\/demo.arches.co.jp\/?page_id=941"},"modified":"2021-08-25T15:59:20","modified_gmt":"2021-08-25T06:59:20","slug":"headmasters-address","status":"publish","type":"page","link":"https:\/\/demo.arches.co.jp\/?page_id=941&lang=en","title":{"rendered":"Headmaster\u2019s Address"},"content":{"rendered":"\n<figure class=\"wp-block-image alignnone margin-0\"><a href=\"https:\/\/demo.arches.co.jp\/wp-content\/uploads\/2015\/01\/001IMG_29041.jpg\"><img decoding=\"async\" src=\"https:\/\/demo.arches.co.jp\/wp-content\/uploads\/2015\/01\/001IMG_29041.jpg\" alt=\"\u67f3\u751f\u65b0\u9670\u6d41\u5175\u6cd5\u3000\u7b2c\u4e8c\u5341\u4e8c\u4e16\u5b97\u5bb6 \u67f3\u751f\u8015\u4e00\u5e73\u53b3\u4fe1\" class=\"wp-image-433\"\/><\/a><\/figure>\n\n\n\n<p>Yagy\u016b Shinkage Ry\u016b Heih\u014d, 22nd Headmaster, Yagy\u016b K\u014dich Taira Toshinobu<\/p>\n\n\n\n<p><small><span style=\"color: #999999;\">\u64ae\u5f71:\u68ee\u5c71\u96c5\u667a\u6c0f \u5199\u771f\u63d0\u4f9b:\u65e5\u8208\u7f8e\u8853\u682a\u5f0f\u4f1a\u793e<\/span><\/small><\/p>\n\n\n\n<p>The spirit of Yagy\u016b Shinkage Ry\u016b has survived from the time the Yagy\u016b family received the tradition from the founder, Kamiizumi Ise-no-kami Fujiwara Hidetsuna (later Nobutsuna) at the end of the Muromachi period.<\/p>\n\n\n\n<p>About 450 years ago, the founder gave Yagy\u016b Sekish\u016bsai Munetoshi an inkaj\u014d (license), issued to only one person per domain. In the license, the founder wrote that only a true and sincere person should be taught the higher levels of the tradition. The second headmaster, Sekish\u016bsai composed a tanka poem\u2014one of 100 poems about heih\u014d (swordsmanship)\u2014based on the founder\u2019s instruction, stating that if a student does not possess the five virtues (thinking about others deeply, keeping the way as a person, etiquette, wisdom to judge correct from incorrect and sincerity), the student should not be taught the secrets of heih\u014d.<\/p>\n\n\n\n<p>Sekish\u016bsai\u2019s grandson, the third headmaster Yagy\u016b Hy\u014dgonosuke Toshitoshi, served the first lord of the Owari domain, Tokugawa Yoshinao, as a teacher of heih\u014d. This was the beginning of a new peaceful era called Genna Enbu (Genna Armistice), after the Seige of Osaka ended in 1615. In the same year, Hy\u014dgonosuke wrote in the preface to his treatise on heih\u014d, the Shij\u016b Fuja-sho, that the purpose of heih\u014d is to control the mind and body through practice.<\/p>\n\n\n\n<p>In our school, we employ the sword by using the whole body in a relaxed manner. This is what we call sei shizen, or natural movement without any egoistical intention. There is an inseparable link between our minds and bodies and the ability to attain natural movement depends on the state of our minds. To learn heih\u014d and to cultivate our own humanity deeply are two sides of the same coin. We should correct and educate our minds striving to constantly improve ourselves.<\/p>\n\n\n\n<p>Around 150 years have passed since the Meiji Restoration. People\u2019s daily lives and the environment around them have undergone monumental changes. However, the spirit of this Ry\u016b contains the wisdom of our predecessors, which can serve as guidelines for how to live life and how to endure and overcome adversity.<\/p>\n\n\n\n<p>I would be pleased if learning about the long history of Shinkage Ry\u016b Heih\u014d, which has been passed down from the time of the founder, would result in a deeper understanding and interest in Japanese traditional culture, and that this will inspire others to value and protect our Ry\u016b.<\/p>\n\n\n\n<p><strong>An auspicious day in August, 2017<br>Yagy\u016b K\u014dichi Taira Toshinobu<\/strong><\/p>\n\n\n\n<p><span style=\"text-decoration: underline;\"><a href=\"https:\/\/demo.arches.co.jp\/?page_id=1001&amp;lang=en\" data-type=\"URL\" data-id=\"https:\/\/demo.arches.co.jp\/?page_id=1001&amp;lang=en\">&gt;&gt;&#8221;The Intension in Funding the Yagy\u016bkai &#8220;<\/a><\/span><\/p>\n\n\n\n<p><strong>\uff1c    Shinkage Ry\u016b succession ceremony\uff1e<\/strong><br><a href=\"https:\/\/demo.arches.co.jp\/wp-content\/uploads\/2015\/02\/21p_22p.jpg\"><\/a><\/p>\n\n\n\n<p>February 18, 2006<br>At the Nakano Sunplaza Sky Room in Tokyo, the succession of the Soke from Yagy<a>\u016b<\/a> Nobuharu 21st to Yagy<a>\u016b<\/a> K\u014dichi 22nd was announced.<br>Guest:<br>Mr. Takahashi Teruyoshi, Secretary-General of Japan Kobudo Association<br>Mr. Saito Satoshi, Chairman of the Japan Kobudo Promotion Association<br>Mr. Ogasawara Kiyotada, Ogasawara Ryu Kyubajutsu Soke<br>Mr. Iizasa Yasusada, Tenshin Syoden Katori Shinto Ryu Soke<br>Mr. Kondo Katsuyuki, General Manager of Daito Ryu Aiki Jujutsu Headquarters<br>Mr. Tsumaki Tatsuo, Tamiya Ryu Iaijutsu Soke Deputation<br>Mr. Kubota Toshihiro, Tenjin Shinyo Ryu Jujitsu Shihanke<br>Mr. Saito Satoshi, Negishi Ryu Shurikenjutsu Soke<br>Mr. Inoue Kisho, Ryukyu Kobujutsu Hozon Shinkokai President<br>Mr. Kato Hiroshi, Tatsumi Ryu Heiho Soke<br>Mr. Yonemoto Masayuki, Secretory, Public Relations Section, Nippon Budokan Publishing<br>Mr. Murase Hirokazu, Shimadzu Shobo<br>Mr. Shimizu Hiroshi, Professor Emeritus, The University of Tokyo<\/p>\n\n\n\n<p><strong>Headmaster Profile<\/strong><br>Yagy\u016b K\u014dichi Taira Toshinobu<br>22nd Headmaster Yagy\u016b Shinkage Ry\u016b Heih\u014d<\/p>\n\n\n\n<p>1952 Born in Tokyo.<br>1970 Became a student of the 21st Headmaster Yagy\u016b Nobuharu Toshimichi, who was his father\u2019s cousin.<br>2002 Adopted by the 21st Headmaster and resigned from his position at a bank in order to move to Nagoya and concentrate on Yagy\u016b Shinkage Ry\u016b and Yagy\u016b Seig\u014d Ry\u016b training.<br>2006 Succeeded Yagy\u016b Nobuharu Toshimichi as the 22nd Headmaster of Yagy\u016b Shinkage Ry\u016b. (The succession ceremony was held on February 18 in the Skyroom at the Nakano Sun Plaza Hotel.)<br>2007 Became the 16th head of the Owari Yagy\u016b family after Yagy\u016b Nobuharu Toshimichi passed away.<br>2011 The headmaster\u2019s book, The Essence of Not Being Defeated (\u8ca0\u3051\u306a\u3044\u5965\u7fa9,) is published by Softbank Shinsho.<br>2017 Became a permanent director and vice-president of the Nihon Kobudo Shinko-kai and a director of the Nihon Kobudo Kyo-kai, which are the two main classical martial arts organizations in Japan.<\/p>\n","protected":false},"excerpt":{"rendered":"<p>Yagy\u016b Shinkage Ry\u016b Heih\u014d, 22nd Headmaster, Yagy\u016b K\u014dich Taira Toshinobu \u64ae\u5f71:\u68ee\u5c71\u96c5\u667a\u6c0f \u5199\u771f\u63d0\u4f9b:\u65e5\u8208\u7f8e\u8853\u682a\u5f0f\u4f1a\u793e The spirit of Ya [&hellip;]<\/p>\n","protected":false},"author":2,"featured_media":0,"parent":0,"menu_order":0,"comment_status":"closed","ping_status":"closed","template":"","meta":{"_s2mail":"yes","footnotes":""},"_links":{"self":[{"href":"https:\/\/demo.arches.co.jp\/index.php?rest_route=\/wp\/v2\/pages\/941"}],"collection":[{"href":"https:\/\/demo.arches.co.jp\/index.php?rest_route=\/wp\/v2\/pages"}],"about":[{"href":"https:\/\/demo.arches.co.jp\/index.php?rest_route=\/wp\/v2\/types\/page"}],"author":[{"embeddable":true,"href":"https:\/\/demo.arches.co.jp\/index.php?rest_route=\/wp\/v2\/users\/2"}],"replies":[{"embeddable":true,"href":"https:\/\/demo.arches.co.jp\/index.php?rest_route=%2Fwp%2Fv2%2Fcomments&post=941"}],"version-history":[{"count":2,"href":"https:\/\/demo.arches.co.jp\/index.php?rest_route=\/wp\/v2\/pages\/941\/revisions"}],"predecessor-version":[{"id":1444,"href":"https:\/\/demo.arches.co.jp\/index.php?rest_route=\/wp\/v2\/pages\/941\/revisions\/1444"}],"wp:attachment":[{"href":"https:\/\/demo.arches.co.jp\/index.php?rest_route=%2Fwp%2Fv2%2Fmedia&parent=941"}],"curies":[{"name":"wp","href":"https:\/\/api.w.org\/{rel}","templated":true}]}}