{"id":944,"date":"2021-04-21T14:50:30","date_gmt":"2021-04-21T05:50:30","guid":{"rendered":"https:\/\/demo.arches.co.jp\/?page_id=944"},"modified":"2021-08-25T16:40:15","modified_gmt":"2021-08-25T07:40:15","slug":"characteristics","status":"publish","type":"page","link":"https:\/\/demo.arches.co.jp\/?page_id=944&lang=en","title":{"rendered":"Characteristics"},"content":{"rendered":"\n<figure class=\"wp-block-image alignnone margin-0\"><a href=\"https:\/\/demo.arches.co.jp\/wp-content\/uploads\/2017\/10\/001renyatsuba.jpg\"><img decoding=\"async\" src=\"https:\/\/demo.arches.co.jp\/wp-content\/uploads\/2017\/10\/001renyatsuba.jpg\" alt=\"\u9354\u300c\u5929\u5730\u4eba\u8ee2\u300d\" class=\"wp-image-744\"\/><\/a><figcaption>Tsuba  &#8220;Ten, Chi, Jin and Marobashi&#8221;<\/figcaption><\/figure>\n\n\n\n<p><strong>Characteristics of Yagy\u016b Shinkage Ry\u016b<\/strong><\/p>\n\n\n\n<p>There is a Yagy\u016b tsuba (sword guard) designed by the 5th headmaster Yagy\u016b Renya Toshikane. It is inscribed with four characters, \u201cTen, Chi, Jin and Marobashi\u201d (heaven, earth, person and turning\/changing). These characters represent the spirit of Yagy\u016b Shinkage Ry\u016b, namely sei shizen, shinjitsu no hito and marobashi.<\/p>\n\n\n\n<p>Sei shizen is the principle of following natural movement. We should use the sword with our whole bodies in a relaxed manner, without attachment to our egos. This is expressed in the phrases &#8220;unification of mind and body&#8221; and &#8220;unification of sword and body.&#8221; This comes from the concept that if we were to follow natural movement, we would respond appropriately to everything around us. If we were to find our true selves, everything would be done appropriately. This is Shinmy\u014dken.<\/p>\n\n\n\n<p>The concept of marobashi can be found in the Scroll of Empi written by the founder: &#8220;There are four approaches to swordplay. They are attacking, waiting, attacking from the front, and attacking from the back. We should not attach ourselves to only one way. We should turn and change our approach depending on the opponent&#8217;s situation and take appropriate measures just as a one reads the wind and sets one\u2019s sails, or spots a rabbit and releases a hawk.&#8221;<\/p>\n\n\n\n<p>To utilize marobashi we must have mukei-no-kurai, which means having no preconceptions. The mind and body should have no fixed intention in advance and we should face each situation with a neutral mind, so we can perceive the countless changes of an opponent. We prefer to elicit an action from the opponent and then respond in accordance to this action (katsuninken), rather than trying to defeat the opponent by using more power and\/or speed (setsunint\u014d).<\/p>\n\n\n\n<p>&#8220;Shinjitsu no hito&#8221; is a phrase written in the license issued to Yagy\u016b Sekish\u016bsai from the founder. Shinjitsu no hito means a sincere person without egotism. The license says, &#8220;Only a true person can learn further&#8221;. This means that only a true person can receive the secrets of Heih\u014d. Sekish\u016bsai expresses this in one of his 100 tankas (poems) about heih\u014d, stating that if students do not possess the five virtues, they should not be taught the secrets of swordplay. The five virtues are thinking about others deeply (jin), righteousness (gi), courtesy (rei), the wisdom to judge correct from incorrect (chi) and sincerity (shin). This is the stern admonishment Sekish\u016bsai left for the students of this school.<\/p>\n\n\n\n<p>In the Yagy\u016b Family Constitution, Sekish\u016bsai provided guiding principles for those who study this school, writing, \u201cA man with one letter is the teacher of the man with none; do not defeat other ry\u016b. Determine to defeat today the self of yesterday.\u201d This means that we should humbly learn from those who know something we do not, and rather than competing with other schools, we should earnestly strive to improve ourselves day by day. <\/p>\n\n\n\n<h2 class=\"wp-block-heading\">Currently, the Yagy\u016bkai continues its activities of maintaining Yagy\u016b Shinkage Ry\u016b under the supervision of the headmaster at regional Yagy\u016bkai in Nagoya, Tokyo, Kansai, Anjo, US and Hong Kong.<\/h2>\n\n\n<div class=\"youtube\">\n<iframe loading=\"lazy\" width=\"560\" height=\"315\" src=\"https:\/\/www.youtube.com\/embed\/Q443BstlOgw\" title=\"YouTube video player\" frameborder=\"0\" allow=\"accelerometer; autoplay; clipboard-write; encrypted-media; gyroscope; picture-in-picture\" allowfullscreen=\"\"><\/iframe><\/div>\n","protected":false},"excerpt":{"rendered":"<p>Characteristics of Yagy\u016b Shinkage Ry\u016b There is a Yagy\u016b tsuba (sword guard) designed by the 5th headmaster Yagy [&hellip;]<\/p>\n","protected":false},"author":2,"featured_media":0,"parent":0,"menu_order":4,"comment_status":"closed","ping_status":"closed","template":"","meta":{"_s2mail":"yes","footnotes":""},"_links":{"self":[{"href":"https:\/\/demo.arches.co.jp\/index.php?rest_route=\/wp\/v2\/pages\/944"}],"collection":[{"href":"https:\/\/demo.arches.co.jp\/index.php?rest_route=\/wp\/v2\/pages"}],"about":[{"href":"https:\/\/demo.arches.co.jp\/index.php?rest_route=\/wp\/v2\/types\/page"}],"author":[{"embeddable":true,"href":"https:\/\/demo.arches.co.jp\/index.php?rest_route=\/wp\/v2\/users\/2"}],"replies":[{"embeddable":true,"href":"https:\/\/demo.arches.co.jp\/index.php?rest_route=%2Fwp%2Fv2%2Fcomments&post=944"}],"version-history":[{"count":2,"href":"https:\/\/demo.arches.co.jp\/index.php?rest_route=\/wp\/v2\/pages\/944\/revisions"}],"predecessor-version":[{"id":2217,"href":"https:\/\/demo.arches.co.jp\/index.php?rest_route=\/wp\/v2\/pages\/944\/revisions\/2217"}],"wp:attachment":[{"href":"https:\/\/demo.arches.co.jp\/index.php?rest_route=%2Fwp%2Fv2%2Fmedia&parent=944"}],"curies":[{"name":"wp","href":"https:\/\/api.w.org\/{rel}","templated":true}]}}