{"id":952,"date":"2021-04-21T14:59:28","date_gmt":"2021-04-21T05:59:28","guid":{"rendered":"https:\/\/demo.arches.co.jp\/?page_id=952"},"modified":"2021-08-25T16:06:43","modified_gmt":"2021-08-25T07:06:43","slug":"952-2","status":"publish","type":"page","link":"https:\/\/demo.arches.co.jp\/?page_id=952&lang=en","title":{"rendered":"Nagoya Yagy\u016bkai (Headquarters) :"},"content":{"rendered":"\n<p>Keiko (practice) and K\u014dd\u014d (lecture) by Headmaster days and times:\u3000<br>Yagy\u016b Shinkage Ry\u016b Heih\u014d ; Odd Tuesdays \/ Thursdays 19:00 \u2013 21:00 <br>\u3000\u3000\u3000\u3000\u3000\u3000\u3000\u3000\u3000\u3000\u3000\u30001st Saturday \/ 4th Sunday 15:00 \u2013 18:00 <br>Yagy\u016b Seig\u014d Ry\u016b Batt\u014d ; Even Tuesdays 19:00 \u2013 21:00 <br>K\u014dd\u014d ; 1st Saturday 18:30 \u2013 20:00 <\/p>\n","protected":false},"excerpt":{"rendered":"<p>Keiko (practice) and K\u014dd\u014d (lecture) by Headmaster days and times:\u3000Yagy\u016b Shinkage Ry\u016b Heih\u014d ; Odd Tuesdays \/ Th [&hellip;]<\/p>\n","protected":false},"author":2,"featured_media":531,"parent":914,"menu_order":3,"comment_status":"closed","ping_status":"closed","template":"","meta":{"_s2mail":"yes","footnotes":""},"_links":{"self":[{"href":"https:\/\/demo.arches.co.jp\/index.php?rest_route=\/wp\/v2\/pages\/952"}],"collection":[{"href":"https:\/\/demo.arches.co.jp\/index.php?rest_route=\/wp\/v2\/pages"}],"about":[{"href":"https:\/\/demo.arches.co.jp\/index.php?rest_route=\/wp\/v2\/types\/page"}],"author":[{"embeddable":true,"href":"https:\/\/demo.arches.co.jp\/index.php?rest_route=\/wp\/v2\/users\/2"}],"replies":[{"embeddable":true,"href":"https:\/\/demo.arches.co.jp\/index.php?rest_route=%2Fwp%2Fv2%2Fcomments&post=952"}],"version-history":[{"count":2,"href":"https:\/\/demo.arches.co.jp\/index.php?rest_route=\/wp\/v2\/pages\/952\/revisions"}],"predecessor-version":[{"id":1017,"href":"https:\/\/demo.arches.co.jp\/index.php?rest_route=\/wp\/v2\/pages\/952\/revisions\/1017"}],"up":[{"embeddable":true,"href":"https:\/\/demo.arches.co.jp\/index.php?rest_route=\/wp\/v2\/pages\/914"}],"wp:featuredmedia":[{"embeddable":true,"href":"https:\/\/demo.arches.co.jp\/index.php?rest_route=\/wp\/v2\/media\/531"}],"wp:attachment":[{"href":"https:\/\/demo.arches.co.jp\/index.php?rest_route=%2Fwp%2Fv2%2Fmedia&parent=952"}],"curies":[{"name":"wp","href":"https:\/\/api.w.org\/{rel}","templated":true}]}}