{"id":954,"date":"2021-04-21T14:59:49","date_gmt":"2021-04-21T05:59:49","guid":{"rendered":"https:\/\/demo.arches.co.jp\/?page_id=954"},"modified":"2021-08-25T16:07:18","modified_gmt":"2021-08-25T07:07:18","slug":"954-2","status":"publish","type":"page","link":"https:\/\/demo.arches.co.jp\/?page_id=954&lang=en","title":{"rendered":"Tokyo Yagy\u016bkai :"},"content":{"rendered":"<p>Keiko (practice) days and times:<br \/>\nYagy\u016b Shinkage Ry\u016b Heih\u014d, Yagy\u016b Seig\u014d Ry\u016b Batt\u014d ;\u3000Tuesdays 18:00 \u2013 21:00, Sundays 9:00 \u2013 12:00<br \/>\nKeiko and K\u014dd\u014d (lecture) by Headmaster :<br \/>\nKeiko : 2nd Sunday, Sunday following the 3rd Saturday 9:00 \u2013 12:00<br \/>\nK\u014dd\u014d ; 3rd Saturday 14:00 \u2013 16:00<\/p>\n","protected":false},"excerpt":{"rendered":"<p>Keiko (practice) days and times: Yagy\u016b Shinkage Ry\u016b Heih\u014d, Yagy\u016b Seig\u014d Ry\u016b Batt\u014d ;\u3000Tuesdays 18:00 \u2013 21:00, Sun [&hellip;]<\/p>\n","protected":false},"author":2,"featured_media":529,"parent":914,"menu_order":1,"comment_status":"closed","ping_status":"closed","template":"","meta":{"_s2mail":"yes","footnotes":""},"_links":{"self":[{"href":"https:\/\/demo.arches.co.jp\/index.php?rest_route=\/wp\/v2\/pages\/954"}],"collection":[{"href":"https:\/\/demo.arches.co.jp\/index.php?rest_route=\/wp\/v2\/pages"}],"about":[{"href":"https:\/\/demo.arches.co.jp\/index.php?rest_route=\/wp\/v2\/types\/page"}],"author":[{"embeddable":true,"href":"https:\/\/demo.arches.co.jp\/index.php?rest_route=\/wp\/v2\/users\/2"}],"replies":[{"embeddable":true,"href":"https:\/\/demo.arches.co.jp\/index.php?rest_route=%2Fwp%2Fv2%2Fcomments&post=954"}],"version-history":[{"count":2,"href":"https:\/\/demo.arches.co.jp\/index.php?rest_route=\/wp\/v2\/pages\/954\/revisions"}],"predecessor-version":[{"id":1015,"href":"https:\/\/demo.arches.co.jp\/index.php?rest_route=\/wp\/v2\/pages\/954\/revisions\/1015"}],"up":[{"embeddable":true,"href":"https:\/\/demo.arches.co.jp\/index.php?rest_route=\/wp\/v2\/pages\/914"}],"wp:featuredmedia":[{"embeddable":true,"href":"https:\/\/demo.arches.co.jp\/index.php?rest_route=\/wp\/v2\/media\/529"}],"wp:attachment":[{"href":"https:\/\/demo.arches.co.jp\/index.php?rest_route=%2Fwp%2Fv2%2Fmedia&parent=954"}],"curies":[{"name":"wp","href":"https:\/\/api.w.org\/{rel}","templated":true}]}}