{"id":963,"date":"2021-04-21T15:02:36","date_gmt":"2021-04-21T06:02:36","guid":{"rendered":"https:\/\/demo.arches.co.jp\/?page_id=963"},"modified":"2021-08-25T16:10:35","modified_gmt":"2021-08-25T07:10:35","slug":"963-2","status":"publish","type":"page","link":"https:\/\/demo.arches.co.jp\/?page_id=963&lang=en","title":{"rendered":"Related Books"},"content":{"rendered":"\n<figure class=\"wp-block-image size-large is-resized margin-0\"><img loading=\"lazy\" decoding=\"async\" src=\"https:\/\/demo.arches.co.jp\/wp-content\/uploads\/2021\/04\/seimeititoshitenobanorinri_re.jpg\" alt=\"\u751f\u547d\u77e5\u3068\u3057\u3066\u306e\u5834\u306e\u8ad6\u7406\uff5e\u67f3\u751f\u65b0\u9670\u6d41\u306b\u898b\u308b\u5171\u5275\u306e\u7406\" class=\"wp-image-558\" width=\"295\" height=\"473\" srcset=\"https:\/\/demo.arches.co.jp\/wp-content\/uploads\/2021\/04\/seimeititoshitenobanorinri_re.jpg 200w, https:\/\/demo.arches.co.jp\/wp-content\/uploads\/2021\/04\/seimeititoshitenobanorinri_re-187x300.jpg 187w\" sizes=\"(max-width: 295px) 100vw, 295px\" \/><figcaption>&#8220;The Logic of Ba as Life Knowledge ~ The Theory of Co-Creation as Seen in Yagy\u016b Shinkage Ry\u016b Swordsmanship&#8221;<br> written by Dr. Shimizu Hiroshi, Chuko-shinsyo<\/figcaption><\/figure>\n\n\n\n<figure class=\"wp-block-gallery columns-1 is-cropped wp-block-gallery-1 is-layout-flex wp-block-gallery-is-layout-flex\"><ul class=\"blocks-gallery-grid\"><li class=\"blocks-gallery-item\"><figure><img decoding=\"async\" src=\"https:\/\/demo.arches.co.jp\/wp-content\/uploads\/2021\/07\/210719-KDP-\u5834\u306e\u8ad6\u7406\u3000\u8868\u88cf626684608089-6-1024x821.jpg\" alt=\"\" data-id=\"2104\" data-full-url=\"https:\/\/demo.arches.co.jp\/wp-content\/uploads\/2021\/07\/210719-KDP-\u5834\u306e\u8ad6\u7406\u3000\u8868\u88cf626684608089-6-scaled.jpg\" data-link=\"https:\/\/demo.arches.co.jp\/?attachment_id=2104\" class=\"wp-image-2104\"\/><\/figure><\/li><\/ul><figcaption class=\"blocks-gallery-caption\">&#8220;The Logic of Ba as Life Knowledge ~ The Theory of Co-Creation as Seen in Yagy\u016b Shinkage Ry\u016b Swordsmanship&#8221; written by Dr. Shimizu Hiroshi,<br>translated by Yagy\u016bkai Translation Team, a paperback, and an e-book by Kindle Direct Publishing<\/figcaption><\/figure>\n\n\n\n<p><\/p>\n\n\n\n<p><\/p>\n\n\n\n<figure class=\"wp-block-image size-large margin-0\"><img decoding=\"async\" src=\"https:\/\/demo.arches.co.jp\/wp-content\/uploads\/2021\/07\/IMG_1296\u8868\u7d19.jpg\" alt=\"\" class=\"wp-image-1926\"\/><figcaption>&#8220;BUDO &#8211; I KNOW JAPAN Japanese Martial Arts -&#8221; Nikko Graphic Arts Co., Ltd.<br>\u3000This book introduces Samurai martial arts, culture, and philosophy to Europe and the United States in English through Ogasawara Ry\u016b, <br>Tendo Ry\u016b, Hozoin Ry\u016b, and Yagy\u016b Shinkage Ry\u016b.<\/figcaption><\/figure>\n\n\n\n<p><\/p>\n\n\n\n<figure class=\"wp-block-image size-large is-resized margin-0\"><img loading=\"lazy\" decoding=\"async\" src=\"https:\/\/demo.arches.co.jp\/wp-content\/uploads\/2021\/04\/noukyougengamitakunarukouza_re.jpg\" alt=\"\u80fd\u72c2\u8a00\u304c\u898b\u305f\u304f\u306a\u308b\u8b1b\u5ea7\u5341\u64b0\" class=\"wp-image-559\" width=\"296\" height=\"417\"\/><figcaption>&#8220;Ten points that make you want to see Noh Kyogen&#8221;, Toyota City Noh Theater Planning, <br>Yanagisawa Shinji Composition, and supervision of Hinoki Shobo<\/figcaption><\/figure>\n\n\n\n<p><strong>Another related book<\/strong><br>\u201dKokoro no Heih<a>\u014d<\/a> ~ Owari Yagy\u016b Story&#8221; written by \u014cno Ichiei, Rop<a>\u014d<\/a> Publishing<br><br><\/p>\n","protected":false},"excerpt":{"rendered":"<p>Another related book\u201dKokoro no Heih\u014d ~ Owari Yagy\u016b Story&#8221; written by \u014cno Ichiei, Rop\u014d Publishing<\/p>\n","protected":false},"author":2,"featured_media":0,"parent":0,"menu_order":2,"comment_status":"closed","ping_status":"closed","template":"","meta":{"_s2mail":"yes","footnotes":""},"_links":{"self":[{"href":"https:\/\/demo.arches.co.jp\/index.php?rest_route=\/wp\/v2\/pages\/963"}],"collection":[{"href":"https:\/\/demo.arches.co.jp\/index.php?rest_route=\/wp\/v2\/pages"}],"about":[{"href":"https:\/\/demo.arches.co.jp\/index.php?rest_route=\/wp\/v2\/types\/page"}],"author":[{"embeddable":true,"href":"https:\/\/demo.arches.co.jp\/index.php?rest_route=\/wp\/v2\/users\/2"}],"replies":[{"embeddable":true,"href":"https:\/\/demo.arches.co.jp\/index.php?rest_route=%2Fwp%2Fv2%2Fcomments&post=963"}],"version-history":[{"count":2,"href":"https:\/\/demo.arches.co.jp\/index.php?rest_route=\/wp\/v2\/pages\/963\/revisions"}],"predecessor-version":[{"id":1013,"href":"https:\/\/demo.arches.co.jp\/index.php?rest_route=\/wp\/v2\/pages\/963\/revisions\/1013"}],"wp:attachment":[{"href":"https:\/\/demo.arches.co.jp\/index.php?rest_route=%2Fwp%2Fv2%2Fmedia&parent=963"}],"curies":[{"name":"wp","href":"https:\/\/api.w.org\/{rel}","templated":true}]}}