{"id":967,"date":"2021-04-21T15:04:23","date_gmt":"2021-04-21T06:04:23","guid":{"rendered":"https:\/\/demo.arches.co.jp\/?page_id=967"},"modified":"2021-08-25T16:08:09","modified_gmt":"2021-08-25T07:08:09","slug":"967-2","status":"publish","type":"page","link":"https:\/\/demo.arches.co.jp\/?page_id=967&lang=en","title":{"rendered":"Anjo Yagy\u016bkai :"},"content":{"rendered":"<p><strong>Keiko (practice) days and times:<\/strong><br>Yagy\u016b Shinkage Ry\u016b Heih\u014d, Yagy\u016b Seig\u014d Ry\u016b Batt\u014d ;\u3000Wednesdays 20:00 \u2013 21:30, 1st, 3rd Sundays 9:00 \u2013 12:00<br><strong>Keiko and K\u014dd\u014d by Headmaster<\/strong> : 2nd Wednesday 20:30 \u2013 22:15<\/p>\n\n\n<p><\/p>\n","protected":false},"excerpt":{"rendered":"<p>Keiko (practice) days and times:Yagy\u016b Shinkage Ry\u016b Heih\u014d, Yagy\u016b Seig\u014d Ry\u016b Batt\u014d ;\u3000Wednesdays 20:00 \u2013 21:30, 1s [&hellip;]<\/p>\n","protected":false},"author":2,"featured_media":532,"parent":914,"menu_order":4,"comment_status":"closed","ping_status":"closed","template":"","meta":{"_s2mail":"yes","footnotes":""},"_links":{"self":[{"href":"https:\/\/demo.arches.co.jp\/index.php?rest_route=\/wp\/v2\/pages\/967"}],"collection":[{"href":"https:\/\/demo.arches.co.jp\/index.php?rest_route=\/wp\/v2\/pages"}],"about":[{"href":"https:\/\/demo.arches.co.jp\/index.php?rest_route=\/wp\/v2\/types\/page"}],"author":[{"embeddable":true,"href":"https:\/\/demo.arches.co.jp\/index.php?rest_route=\/wp\/v2\/users\/2"}],"replies":[{"embeddable":true,"href":"https:\/\/demo.arches.co.jp\/index.php?rest_route=%2Fwp%2Fv2%2Fcomments&post=967"}],"version-history":[{"count":3,"href":"https:\/\/demo.arches.co.jp\/index.php?rest_route=\/wp\/v2\/pages\/967\/revisions"}],"predecessor-version":[{"id":2402,"href":"https:\/\/demo.arches.co.jp\/index.php?rest_route=\/wp\/v2\/pages\/967\/revisions\/2402"}],"up":[{"embeddable":true,"href":"https:\/\/demo.arches.co.jp\/index.php?rest_route=\/wp\/v2\/pages\/914"}],"wp:featuredmedia":[{"embeddable":true,"href":"https:\/\/demo.arches.co.jp\/index.php?rest_route=\/wp\/v2\/media\/532"}],"wp:attachment":[{"href":"https:\/\/demo.arches.co.jp\/index.php?rest_route=%2Fwp%2Fv2%2Fmedia&parent=967"}],"curies":[{"name":"wp","href":"https:\/\/api.w.org\/{rel}","templated":true}]}}